{"id":13,"date":"2017-10-30T11:16:39","date_gmt":"2017-10-30T11:16:39","guid":{"rendered":"http:\/\/themes.muffingroup.com\/be\/internet\/?page_id=13"},"modified":"2024-05-08T10:55:18","modified_gmt":"2024-05-08T13:55:18","slug":"contato","status":"publish","type":"page","link":"https:\/\/www.inforsolutions.com.br\/portal\/contato\/","title":{"rendered":"Contato"},"content":{"rendered":"<p>Telefonia Voip 0800 4003<\/p>\n<p>O PABXIP &#8211; VIRTUAL \u00e9 o avan\u00e7o das antigas centrais telef\u00f4nicas chamadas de PABX, com ele voc\u00ea dispensa os gastos com cabeamentos e equipamentos, pois o PABX &#8211; IP \u00e9 um sistema que fica hospedado em nosso servidor na nuvem, alocado dentro do IDC de uma das melhores operadoras de internet do Brasil, garantindo aos nossos usu\u00e1rios estabilidade, qualidade e seguran\u00e7a no tr\u00e1fego de dados. Sua empresa poder\u00e1 contar com TODAS as funcionalidades de um PABX convencional, com as vantagens que s\u00f3 a tecnologia VOIP pode oferecer.<\/p>\n<p>O 0800 \u00e9 n\u00famero nacional para a sua empresa receber liga\u00e7\u00f5es de qualquer lugar do Brasil oferecendo a gratuidade da chamada. Quem liga n\u00e3o tem custos independente de estar usando um telefone fixo ou celular. Com a credibilidade de um 0800 sua empresa vende mais. As pessoas ligam gratuitamente para sua empresa e voc\u00ea assume a tarifa da liga\u00e7\u00e3o, facilitando o contato do seu cliente, consequentemente sua empresa vende muito mais!<\/p>\n<p>Que tal ter um n\u00famero de telefone fixo espalhado por v\u00e1rias cidades ao mesmo tempo e seu cliente poder te ligar com um custo de liga\u00e7\u00e3o local? Isso mesmo! Com o 4003 da Inforsolutions, voc\u00ea pode receber liga\u00e7\u00f5es de seus clientes das principais capitais e regi\u00f5es metropolitanas do Brasil. Tendo um 4003 voc\u00ea ter\u00e1 uma credibilidade muito maior perante o seu cliente, al\u00e9m de permitir maior acessibilidade deles, pois muitos n\u00e3o est\u00e3o dispostos a pagar DDD (Discagem Direta a Dist\u00e2ncia) ao ligar para sua empresa e com isso voc\u00ea poder\u00e1 perder vendas.<\/p>\n<p>DID VIRTUAL Tenha um n\u00famero de telefone com o c\u00f3digo de \u00e1rea onde seus amigos, familiares ou clientes moram e eles poder\u00e3o telefonar para voc\u00ea pelo pre\u00e7o de uma liga\u00e7\u00e3o local. A diferen\u00e7a entre os n\u00fameros telef\u00f4nicos convencionais das operadoras de telefonia para os DID&#8217;S \u00e9 que elas s\u00e3o entregues para um aparelho telef\u00f4nico. Uma \u00fanica liga\u00e7\u00e3o simult\u00e2nea \u00e9 feita e caso voc\u00ea precise de mais liga\u00e7\u00f5es, ser\u00e1 necess\u00e1rio contratar um outro n\u00famero.<\/p>\n<p>Liga\u00e7\u00f5es saintes, chamadas telef\u00f4nicas para qualquer operadora e cidade do Brasil utilizando a Tecnologia VoIP. Sua empresa poder\u00e1 contar com TODAS as funcionalidades de uma liga\u00e7\u00e3o convencional mas com as vantagens que s\u00f3 a tecnologia VOIP pode oferecer.<\/p>\n<h2><span style=\"color: white;\">Telefonia Voip 0800 4003 Contato<\/span><\/h2>\n<p>center<\/p>\n<p>no-repeat;left top;;<\/p>\n<p>auto<\/p>\n<p>Mapa<\/p>\n<p><iframe style=\"border: 0;\" src=\"https:\/\/www.google.com\/maps\/embed?pb=!1m18!1m12!1m3!1d3604.7368343589847!2d-49.273529685020684!3d-25.380134983811402!2m3!1f0!2f0!3f0!3m2!1i1024!2i768!4f13.1!3m3!1m2!1s0x94dce6db1decd19f%3A0x7c84bf3b447d5882!2sRua+Ruy+Arzua+Pereira%2C+30+-+Abranches%2C+Curitiba+-+PR%2C+82130-190!5e0!3m2!1spt-BR!2sbr!4v1539712927086\" width=\"1430\" height=\"550\" frameborder=\"0\" allowfullscreen=\"allowfullscreen\"><\/iframe><\/p>\n<p>no-repeat;center top;;<\/p>\n<p>auto<\/p>\n<p>Heading<\/p>\n<h2 style=\"margin: 0; color: #fff;\">LIGUE GR\u00c1TIS:<\/h2>\n<p>no-repeat;center top;;<\/p>\n<p>auto<\/p>\n<p>10px 0 0<\/p>\n<p>Desc<\/p>\n<h1 style=\"margin: 0; color: #fff;\">0800 000 0100<\/h1>\n<p>right<\/p>\n<p>no-repeat;center top;;<\/p>\n<p>auto<\/p>\n<p>Heading + desc<\/p>\n<h4>COMERCIAL<\/h4>\n<p style=\"background: url('https:\/\/www.inforsolutions.com.br\/portal\/wp-content\/uploads\/2017\/10\/home_internet_contact3.png') no-repeat left center; padding-left: 40px;\">WhatsApp:<a href=\"https:\/\/api.whatsapp.com\/send?phone=5541996870817\" target=\"_blank\" rel=\"noopener noreferrer\"> 41 996870817<\/a><\/p>\n<p style=\"background: url('https:\/\/www.inforsolutions.com.br\/portal\/wp-content\/uploads\/2017\/10\/home_internet_contact4.png') no-repeat left center; padding-left: 40px;\">E-mail:<a href=\"mailto:comercial@inforsolutions.com.br\"> comercial@inforsolutions.com.br<\/a><\/p>\n<hr class=\"no_line\" style=\"margin:0 auto 20px\"\/>\n\n<h4>SUPORTE<\/h4>\n<p style=\"background: url('https:\/\/www.inforsolutions.com.br\/portal\/wp-content\/uploads\/2017\/10\/home_internet_contact3.png') no-repeat left center; padding-left: 40px;\">WhatsApp:<a href=\"https:\/\/api.whatsapp.com\/send?phone=5541992353535\" target=\"_blank\" rel=\"noopener noreferrer\"> 41 992353535<\/a><\/p>\n<p style=\"background: url('https:\/\/www.inforsolutions.com.br\/portal\/wp-content\/uploads\/2017\/10\/home_internet_contact4.png') no-repeat left center; padding-left: 40px;\">E-mail:<a href=\"mailto:suporte@inforsolutions.com.br\"> suporte@inforsolutions.com.br<\/a><\/p>\n<hr class=\"no_line\" style=\"margin:0 auto 20px\"\/>\n\n<h4>FINANCEIRO<\/h4>\n<p style=\"background: url('https:\/\/www.inforsolutions.com.br\/portal\/wp-content\/uploads\/2017\/10\/home_internet_contact3.png') no-repeat left center; padding-left: 40px;\">WhatsApp:<a href=\"https:\/\/api.whatsapp.com\/send?phone=5541991353535\" target=\"_blank\" rel=\"noopener noreferrer\"> 41 991353535<\/a><\/p>\n<p style=\"background: url('https:\/\/www.inforsolutions.com.br\/portal\/wp-content\/uploads\/2017\/10\/home_internet_contact4.png') no-repeat left center; padding-left: 40px;\">E-mail:<a href=\"mailto:adm2@inforsolutions.com.br\"> adm2@inforsolutions.com.br<\/a><\/p>\n<hr class=\"no_line\" style=\"margin:0 auto 20px\"\/>\n\n<h4>CENTRAL DE ATENDIMENTO<\/h4>\n<p style=\"background: url('https:\/\/www.inforsolutions.com.br\/portal\/wp-content\/uploads\/2017\/10\/home_internet_contact3.png') no-repeat left center; padding-left: 40px;\">WhatsApp:<a href=\"https:\/\/api.whatsapp.com\/send?phone=558000000100\" target=\"_blank\" rel=\"noopener noreferrer\"> 0800 000 0100 ou 41 30631907<\/a><\/p>\n<p style=\"background: url('https:\/\/www.inforsolutions.com.br\/portal\/wp-content\/uploads\/2017\/10\/home_internet_contact4.png') no-repeat left center; padding-left: 40px;\">E-mail:<a href=\"mailto:adm2@inforsolutions.com.br\"> adm@inforsolutions.com.br<\/a><\/p>\n<p>#ffffff<\/p>\n<p>no-repeat;center top;;<\/p>\n<p>auto<\/p>\n<p>7% 7% 7% 7%<\/p>\n<p>background-position: right 20px; box-shadow: 0px 20px 35px rgba(27,48,77,.07);<\/p>\n<p>Heading + desc<\/p>\n<h2>Quer deixar uma mensagem?<\/h2>\n<p><hr class=\"no_line\" style=\"margin:0 auto 20px\"\/>\n<br \/>\n<div role=\"form\" class=\"wpcf7\" id=\"wpcf7-f100-o1\" lang=\"en-US\" dir=\"ltr\">\n<div class=\"screen-reader-response\"><p role=\"status\" aria-live=\"polite\" aria-atomic=\"true\"><\/p> <ul><\/ul><\/div>\n<form action=\"\/portal\/wp-json\/wp\/v2\/pages\/13#wpcf7-f100-o1\" method=\"post\" class=\"wpcf7-form init\" novalidate=\"novalidate\" data-status=\"init\">\n<div style=\"display: none;\">\n<input type=\"hidden\" name=\"_wpcf7\" value=\"100\" \/>\n<input type=\"hidden\" name=\"_wpcf7_version\" value=\"5.4.2\" \/>\n<input type=\"hidden\" name=\"_wpcf7_locale\" value=\"en_US\" \/>\n<input type=\"hidden\" name=\"_wpcf7_unit_tag\" value=\"wpcf7-f100-o1\" \/>\n<input type=\"hidden\" name=\"_wpcf7_container_post\" value=\"0\" \/>\n<input type=\"hidden\" name=\"_wpcf7_posted_data_hash\" value=\"\" \/>\n<input type=\"hidden\" name=\"_wpcf7_recaptcha_response\" value=\"\" \/>\n<\/div>\n<div class=\"column one-second\"><span class=\"wpcf7-form-control-wrap your-name\"><input type=\"text\" name=\"your-name\" value=\"\" size=\"40\" class=\"wpcf7-form-control wpcf7-text wpcf7-validates-as-required\" aria-required=\"true\" aria-invalid=\"false\" placeholder=\"Seu nome\" \/><\/span> <\/div>\n<div class=\"column one-second\"><span class=\"wpcf7-form-control-wrap your-email\"><input type=\"email\" name=\"your-email\" value=\"\" size=\"40\" class=\"wpcf7-form-control wpcf7-text wpcf7-email wpcf7-validates-as-required wpcf7-validates-as-email\" aria-required=\"true\" aria-invalid=\"false\" placeholder=\"Seu e-mail\" \/><\/span> <\/div>\n<div class=\"column one\"><span class=\"wpcf7-form-control-wrap your-subject\"><input type=\"text\" name=\"your-subject\" value=\"\" size=\"40\" class=\"wpcf7-form-control wpcf7-text\" aria-invalid=\"false\" placeholder=\"Assunto\" \/><\/span> <\/div>\n<div class=\"column one\"><span class=\"wpcf7-form-control-wrap your-message\"><textarea name=\"your-message\" cols=\"40\" rows=\"7\" class=\"wpcf7-form-control wpcf7-textarea\" aria-invalid=\"false\" placeholder=\"Mensagem\"><\/textarea><\/span><\/div>\n<div class=\"column one\"><span class=\"wpcf7-form-control-wrap wpgdprc\"><span class=\"wpcf7-form-control wpcf7-validates-as-required wpcf7-wpgdprc\"><span class=\"wpcf7-list-item\"><input type=\"checkbox\" name=\"wpgdprc\" value=\"1\" aria-required=\"true\" aria-invalid=\"false\" \/><span class=\"wpcf7-list-item-label\">Ao utilizar este formul\u00e1rio concordo com o armazenamento e tratamento dos seus dados por este site.<\/span><\/span><\/span><\/span><\/p>\n<p><input type=\"submit\" value=\"Enviar mensagem\" class=\"wpcf7-form-control wpcf7-submit button_full_width\" \/><\/p><\/div>\n<input type='hidden' class='wpcf7-pum' value='{\"closepopup\":false,\"closedelay\":0,\"openpopup\":false,\"openpopup_id\":0}' \/><div class=\"wpcf7-response-output\" aria-hidden=\"true\"><\/div><\/form><\/div><\/p>\n<p>no-repeat;center top;;<\/p>\n<p>auto<\/p>\n<p>10% 0px 0px 0px<\/p>\n","protected":false},"excerpt":{"rendered":"<p>Telefonia Voip 0800 4003 O PABXIP &#8211; VIRTUAL \u00e9 o avan\u00e7o das antigas centrais telef\u00f4nicas chamadas de PABX, com ele voc\u00ea dispensa os gastos com cabeamentos<span class=\"excerpt-hellip\"> [\u2026]<\/span><\/p>\n","protected":false},"author":1,"featured_media":0,"parent":0,"menu_order":0,"comment_status":"closed","ping_status":"closed","template":"","meta":[],"yoast_head":"<!-- This site is optimized with the Yoast SEO plugin v14.9 - https:\/\/yoast.com\/wordpress\/plugins\/seo\/ -->\n<title>Telefonia Voip 0800 4003 DID Nuvem Pabx IP Virtual \u00e9 na Inforsolutions<\/title>\n<meta name=\"description\" content=\"Telefonia Voip, 0800, 4003, DID, Nuvem, Pabx IP Virtual e torpedos SMS e VOZ. Inforsolutions uma das empresas pioneiras no Brasil na atuando desde 2002.\" \/>\n<meta name=\"robots\" content=\"index, follow, max-snippet:-1, max-image-preview:large, max-video-preview:-1\" \/>\n<link rel=\"canonical\" href=\"https:\/\/www.inforsolutions.com.br\/portal\/contato\/\" \/>\n<meta property=\"og:locale\" content=\"pt_BR\" \/>\n<meta property=\"og:type\" content=\"article\" \/>\n<meta property=\"og:title\" content=\"Telefonia Voip 0800 4003 DID Nuvem Pabx IP Virtual \u00e9 na Inforsolutions\" \/>\n<meta property=\"og:description\" content=\"Telefonia Voip, 0800, 4003, DID, Nuvem, Pabx IP Virtual e torpedos SMS e VOZ. Inforsolutions uma das empresas pioneiras no Brasil na atuando desde 2002.\" \/>\n<meta property=\"og:url\" content=\"https:\/\/www.inforsolutions.com.br\/portal\/contato\/\" \/>\n<meta property=\"og:site_name\" content=\"Inforsolutions Consultoria e Tecnologia\" \/>\n<meta property=\"article:publisher\" content=\"https:\/\/www.facebook.com\/inforsolutions\/\" \/>\n<meta property=\"article:modified_time\" content=\"2024-05-08T13:55:18+00:00\" \/>\n<meta name=\"twitter:card\" content=\"summary_large_image\" \/>\n<script type=\"application\/ld+json\" class=\"yoast-schema-graph\">{\"@context\":\"https:\/\/schema.org\",\"@graph\":[{\"@type\":\"Organization\",\"@id\":\"https:\/\/www.inforsolutions.com.br\/portal\/#organization\",\"name\":\"Inforsolutions Consultoria e Tecnologia\",\"url\":\"https:\/\/www.inforsolutions.com.br\/portal\/\",\"sameAs\":[\"https:\/\/www.facebook.com\/inforsolutions\/\",\"https:\/\/www.instagram.com\/inforsolutionsvoip\/\",\"https:\/\/www.linkedin.com\/company\/inforsolutions\"],\"logo\":{\"@type\":\"ImageObject\",\"@id\":\"https:\/\/www.inforsolutions.com.br\/portal\/#logo\",\"inLanguage\":\"pt-BR\",\"url\":\"https:\/\/www.inforsolutions.com.br\/portal\/wp-content\/uploads\/2019\/08\/assinatura-sites.png-e1565715565465.png\",\"width\":100,\"height\":17,\"caption\":\"Inforsolutions Consultoria e Tecnologia\"},\"image\":{\"@id\":\"https:\/\/www.inforsolutions.com.br\/portal\/#logo\"}},{\"@type\":\"WebSite\",\"@id\":\"https:\/\/www.inforsolutions.com.br\/portal\/#website\",\"url\":\"https:\/\/www.inforsolutions.com.br\/portal\/\",\"name\":\"Inforsolutions - Voip\",\"description\":\"Solu\\u00e7\\u00f5es em Comunica\\u00e7\\u00e3o\",\"publisher\":{\"@id\":\"https:\/\/www.inforsolutions.com.br\/portal\/#organization\"},\"potentialAction\":[{\"@type\":\"SearchAction\",\"target\":\"https:\/\/www.inforsolutions.com.br\/portal\/?s={search_term_string}\",\"query-input\":\"required name=search_term_string\"}],\"inLanguage\":\"pt-BR\"},{\"@type\":\"WebPage\",\"@id\":\"https:\/\/www.inforsolutions.com.br\/portal\/contato\/#webpage\",\"url\":\"https:\/\/www.inforsolutions.com.br\/portal\/contato\/\",\"name\":\"Telefonia Voip 0800 4003 DID Nuvem Pabx IP Virtual \\u00e9 na Inforsolutions\",\"isPartOf\":{\"@id\":\"https:\/\/www.inforsolutions.com.br\/portal\/#website\"},\"datePublished\":\"2017-10-30T11:16:39+00:00\",\"dateModified\":\"2024-05-08T13:55:18+00:00\",\"description\":\"Telefonia Voip, 0800, 4003, DID, Nuvem, Pabx IP Virtual e torpedos SMS e VOZ. Inforsolutions uma das empresas pioneiras no Brasil na atuando desde 2002.\",\"inLanguage\":\"pt-BR\",\"potentialAction\":[{\"@type\":\"ReadAction\",\"target\":[\"https:\/\/www.inforsolutions.com.br\/portal\/contato\/\"]}]}]}<\/script>\n<!-- \/ Yoast SEO plugin. -->","_links":{"self":[{"href":"https:\/\/www.inforsolutions.com.br\/portal\/wp-json\/wp\/v2\/pages\/13"}],"collection":[{"href":"https:\/\/www.inforsolutions.com.br\/portal\/wp-json\/wp\/v2\/pages"}],"about":[{"href":"https:\/\/www.inforsolutions.com.br\/portal\/wp-json\/wp\/v2\/types\/page"}],"author":[{"embeddable":true,"href":"https:\/\/www.inforsolutions.com.br\/portal\/wp-json\/wp\/v2\/users\/1"}],"replies":[{"embeddable":true,"href":"https:\/\/www.inforsolutions.com.br\/portal\/wp-json\/wp\/v2\/comments?post=13"}],"version-history":[{"count":9,"href":"https:\/\/www.inforsolutions.com.br\/portal\/wp-json\/wp\/v2\/pages\/13\/revisions"}],"predecessor-version":[{"id":18964,"href":"https:\/\/www.inforsolutions.com.br\/portal\/wp-json\/wp\/v2\/pages\/13\/revisions\/18964"}],"wp:attachment":[{"href":"https:\/\/www.inforsolutions.com.br\/portal\/wp-json\/wp\/v2\/media?parent=13"}],"curies":[{"name":"wp","href":"https:\/\/api.w.org\/{rel}","templated":true}]}}