{"id":1321,"date":"2020-12-05T12:03:06","date_gmt":"2020-12-05T14:03:06","guid":{"rendered":"https:\/\/www.inforsolutions.com.br\/portal\/?page_id=1321"},"modified":"2024-10-14T15:07:27","modified_gmt":"2024-10-14T18:07:27","slug":"que-tal-uma-nova-experiencia-para-seu-cliente-gravacao-de-espera-e-ura","status":"publish","type":"page","link":"https:\/\/www.inforsolutions.com.br\/portal\/que-tal-uma-nova-experiencia-para-seu-cliente-gravacao-de-espera-e-ura\/","title":{"rendered":"Que tal uma nova experi\u00eancia para seu cliente? &#8211; Grava\u00e7\u00e3o de espera e URA"},"content":{"rendered":"","protected":false},"excerpt":{"rendered":"","protected":false},"author":5,"featured_media":0,"parent":0,"menu_order":0,"comment_status":"closed","ping_status":"closed","template":"","meta":[],"yoast_head":"<!-- This site is optimized with the Yoast SEO plugin v14.9 - https:\/\/yoast.com\/wordpress\/plugins\/seo\/ -->\n<title>Que tal uma nova experi\u00eancia para seu cliente? - Grava\u00e7\u00e3o de espera e URA - Inforsolutions Consultoria e Tecnologia<\/title>\n<meta name=\"robots\" content=\"index, follow, max-snippet:-1, max-image-preview:large, max-video-preview:-1\" \/>\n<link rel=\"canonical\" href=\"https:\/\/www.inforsolutions.com.br\/portal\/que-tal-uma-nova-experiencia-para-seu-cliente-gravacao-de-espera-e-ura\/\" \/>\n<meta property=\"og:locale\" content=\"pt_BR\" \/>\n<meta property=\"og:type\" content=\"article\" \/>\n<meta property=\"og:title\" content=\"Que tal uma nova experi\u00eancia para seu cliente? - Grava\u00e7\u00e3o de espera e URA - Inforsolutions Consultoria e Tecnologia\" \/>\n<meta property=\"og:url\" content=\"https:\/\/www.inforsolutions.com.br\/portal\/que-tal-uma-nova-experiencia-para-seu-cliente-gravacao-de-espera-e-ura\/\" \/>\n<meta property=\"og:site_name\" content=\"Inforsolutions Consultoria e Tecnologia\" \/>\n<meta property=\"article:publisher\" content=\"https:\/\/www.facebook.com\/inforsolutions\/\" \/>\n<meta property=\"article:modified_time\" content=\"2024-10-14T18:07:27+00:00\" \/>\n<meta name=\"twitter:card\" content=\"summary_large_image\" \/>\n<script type=\"application\/ld+json\" class=\"yoast-schema-graph\">{\"@context\":\"https:\/\/schema.org\",\"@graph\":[{\"@type\":\"Organization\",\"@id\":\"https:\/\/www.inforsolutions.com.br\/portal\/#organization\",\"name\":\"Inforsolutions Consultoria e Tecnologia\",\"url\":\"https:\/\/www.inforsolutions.com.br\/portal\/\",\"sameAs\":[\"https:\/\/www.facebook.com\/inforsolutions\/\",\"https:\/\/www.instagram.com\/inforsolutionsvoip\/\",\"https:\/\/www.linkedin.com\/company\/inforsolutions\"],\"logo\":{\"@type\":\"ImageObject\",\"@id\":\"https:\/\/www.inforsolutions.com.br\/portal\/#logo\",\"inLanguage\":\"pt-BR\",\"url\":\"https:\/\/www.inforsolutions.com.br\/portal\/wp-content\/uploads\/2019\/08\/assinatura-sites.png-e1565715565465.png\",\"width\":100,\"height\":17,\"caption\":\"Inforsolutions Consultoria e Tecnologia\"},\"image\":{\"@id\":\"https:\/\/www.inforsolutions.com.br\/portal\/#logo\"}},{\"@type\":\"WebSite\",\"@id\":\"https:\/\/www.inforsolutions.com.br\/portal\/#website\",\"url\":\"https:\/\/www.inforsolutions.com.br\/portal\/\",\"name\":\"Inforsolutions - Voip\",\"description\":\"Solu\\u00e7\\u00f5es em Comunica\\u00e7\\u00e3o\",\"publisher\":{\"@id\":\"https:\/\/www.inforsolutions.com.br\/portal\/#organization\"},\"potentialAction\":[{\"@type\":\"SearchAction\",\"target\":\"https:\/\/www.inforsolutions.com.br\/portal\/?s={search_term_string}\",\"query-input\":\"required name=search_term_string\"}],\"inLanguage\":\"pt-BR\"},{\"@type\":\"WebPage\",\"@id\":\"https:\/\/www.inforsolutions.com.br\/portal\/que-tal-uma-nova-experiencia-para-seu-cliente-gravacao-de-espera-e-ura\/#webpage\",\"url\":\"https:\/\/www.inforsolutions.com.br\/portal\/que-tal-uma-nova-experiencia-para-seu-cliente-gravacao-de-espera-e-ura\/\",\"name\":\"Que tal uma nova experi\\u00eancia para seu cliente? - Grava\\u00e7\\u00e3o de espera e URA - Inforsolutions Consultoria e Tecnologia\",\"isPartOf\":{\"@id\":\"https:\/\/www.inforsolutions.com.br\/portal\/#website\"},\"datePublished\":\"2020-12-05T14:03:06+00:00\",\"dateModified\":\"2024-10-14T18:07:27+00:00\",\"inLanguage\":\"pt-BR\",\"potentialAction\":[{\"@type\":\"ReadAction\",\"target\":[\"https:\/\/www.inforsolutions.com.br\/portal\/que-tal-uma-nova-experiencia-para-seu-cliente-gravacao-de-espera-e-ura\/\"]}]}]}<\/script>\n<!-- \/ Yoast SEO plugin. -->","_links":{"self":[{"href":"https:\/\/www.inforsolutions.com.br\/portal\/wp-json\/wp\/v2\/pages\/1321"}],"collection":[{"href":"https:\/\/www.inforsolutions.com.br\/portal\/wp-json\/wp\/v2\/pages"}],"about":[{"href":"https:\/\/www.inforsolutions.com.br\/portal\/wp-json\/wp\/v2\/types\/page"}],"author":[{"embeddable":true,"href":"https:\/\/www.inforsolutions.com.br\/portal\/wp-json\/wp\/v2\/users\/5"}],"replies":[{"embeddable":true,"href":"https:\/\/www.inforsolutions.com.br\/portal\/wp-json\/wp\/v2\/comments?post=1321"}],"version-history":[{"count":2,"href":"https:\/\/www.inforsolutions.com.br\/portal\/wp-json\/wp\/v2\/pages\/1321\/revisions"}],"predecessor-version":[{"id":20467,"href":"https:\/\/www.inforsolutions.com.br\/portal\/wp-json\/wp\/v2\/pages\/1321\/revisions\/20467"}],"wp:attachment":[{"href":"https:\/\/www.inforsolutions.com.br\/portal\/wp-json\/wp\/v2\/media?parent=1321"}],"curies":[{"name":"wp","href":"https:\/\/api.w.org\/{rel}","templated":true}]}}