{"id":814,"date":"2019-10-31T20:11:56","date_gmt":"2019-10-31T22:11:56","guid":{"rendered":"https:\/\/www.inforsolutions.com.br\/portal\/?page_id=814"},"modified":"2024-08-12T16:00:56","modified_gmt":"2024-08-12T19:00:56","slug":"blog","status":"publish","type":"page","link":"https:\/\/www.inforsolutions.com.br\/portal\/blog\/","title":{"rendered":"Blog"},"content":{"rendered":"","protected":false},"excerpt":{"rendered":"","protected":false},"author":5,"featured_media":0,"parent":0,"menu_order":0,"comment_status":"closed","ping_status":"closed","template":"","meta":[],"yoast_head":"<!-- This site is optimized with the Yoast SEO plugin v14.9 - https:\/\/yoast.com\/wordpress\/plugins\/seo\/ -->\n<title>Blog - Inforsolutions Consultoria e Tecnologia<\/title>\n<meta name=\"description\" content=\"Fique por dentro das \u00faltimas novidades e tend\u00eancias do nosso setor! Acompanhe atualiza\u00e7\u00f5es exclusivas, eventos imperd\u00edveis e informa\u00e7\u00f5es essenciais para manter-se informado e \u00e0 frente no mercado.\" \/>\n<meta name=\"robots\" content=\"index, follow, max-snippet:-1, max-image-preview:large, max-video-preview:-1\" \/>\n<link rel=\"canonical\" href=\"https:\/\/www.inforsolutions.com.br\/portal\/blog\/\" \/>\n<meta property=\"og:locale\" content=\"pt_BR\" \/>\n<meta property=\"og:type\" content=\"article\" \/>\n<meta property=\"og:title\" content=\"Blog - Inforsolutions Consultoria e Tecnologia\" \/>\n<meta property=\"og:description\" content=\"Fique por dentro das \u00faltimas novidades e tend\u00eancias do nosso setor! Acompanhe atualiza\u00e7\u00f5es exclusivas, eventos imperd\u00edveis e informa\u00e7\u00f5es essenciais para manter-se informado e \u00e0 frente no mercado.\" \/>\n<meta property=\"og:url\" content=\"https:\/\/www.inforsolutions.com.br\/portal\/blog\/\" \/>\n<meta property=\"og:site_name\" content=\"Inforsolutions Consultoria e Tecnologia\" \/>\n<meta property=\"article:publisher\" content=\"https:\/\/www.facebook.com\/inforsolutions\/\" \/>\n<meta property=\"article:modified_time\" content=\"2024-08-12T19:00:56+00:00\" \/>\n<meta name=\"twitter:card\" content=\"summary_large_image\" \/>\n<script type=\"application\/ld+json\" class=\"yoast-schema-graph\">{\"@context\":\"https:\/\/schema.org\",\"@graph\":[{\"@type\":\"Organization\",\"@id\":\"https:\/\/www.inforsolutions.com.br\/portal\/#organization\",\"name\":\"Inforsolutions Consultoria e Tecnologia\",\"url\":\"https:\/\/www.inforsolutions.com.br\/portal\/\",\"sameAs\":[\"https:\/\/www.facebook.com\/inforsolutions\/\",\"https:\/\/www.instagram.com\/inforsolutionsvoip\/\",\"https:\/\/www.linkedin.com\/company\/inforsolutions\"],\"logo\":{\"@type\":\"ImageObject\",\"@id\":\"https:\/\/www.inforsolutions.com.br\/portal\/#logo\",\"inLanguage\":\"pt-BR\",\"url\":\"https:\/\/www.inforsolutions.com.br\/portal\/wp-content\/uploads\/2019\/08\/assinatura-sites.png-e1565715565465.png\",\"width\":100,\"height\":17,\"caption\":\"Inforsolutions Consultoria e Tecnologia\"},\"image\":{\"@id\":\"https:\/\/www.inforsolutions.com.br\/portal\/#logo\"}},{\"@type\":\"WebSite\",\"@id\":\"https:\/\/www.inforsolutions.com.br\/portal\/#website\",\"url\":\"https:\/\/www.inforsolutions.com.br\/portal\/\",\"name\":\"Inforsolutions - Voip\",\"description\":\"Solu\\u00e7\\u00f5es em Comunica\\u00e7\\u00e3o\",\"publisher\":{\"@id\":\"https:\/\/www.inforsolutions.com.br\/portal\/#organization\"},\"potentialAction\":[{\"@type\":\"SearchAction\",\"target\":\"https:\/\/www.inforsolutions.com.br\/portal\/?s={search_term_string}\",\"query-input\":\"required name=search_term_string\"}],\"inLanguage\":\"pt-BR\"},{\"@type\":\"WebPage\",\"@id\":\"https:\/\/www.inforsolutions.com.br\/portal\/blog\/#webpage\",\"url\":\"https:\/\/www.inforsolutions.com.br\/portal\/blog\/\",\"name\":\"Blog - Inforsolutions Consultoria e Tecnologia\",\"isPartOf\":{\"@id\":\"https:\/\/www.inforsolutions.com.br\/portal\/#website\"},\"datePublished\":\"2019-10-31T22:11:56+00:00\",\"dateModified\":\"2024-08-12T19:00:56+00:00\",\"description\":\"Fique por dentro das \\u00faltimas novidades e tend\\u00eancias do nosso setor! Acompanhe atualiza\\u00e7\\u00f5es exclusivas, eventos imperd\\u00edveis e informa\\u00e7\\u00f5es essenciais para manter-se informado e \\u00e0 frente no mercado.\",\"inLanguage\":\"pt-BR\",\"potentialAction\":[{\"@type\":\"ReadAction\",\"target\":[\"https:\/\/www.inforsolutions.com.br\/portal\/blog\/\"]}]}]}<\/script>\n<!-- \/ Yoast SEO plugin. -->","_links":{"self":[{"href":"https:\/\/www.inforsolutions.com.br\/portal\/wp-json\/wp\/v2\/pages\/814"}],"collection":[{"href":"https:\/\/www.inforsolutions.com.br\/portal\/wp-json\/wp\/v2\/pages"}],"about":[{"href":"https:\/\/www.inforsolutions.com.br\/portal\/wp-json\/wp\/v2\/types\/page"}],"author":[{"embeddable":true,"href":"https:\/\/www.inforsolutions.com.br\/portal\/wp-json\/wp\/v2\/users\/5"}],"replies":[{"embeddable":true,"href":"https:\/\/www.inforsolutions.com.br\/portal\/wp-json\/wp\/v2\/comments?post=814"}],"version-history":[{"count":1,"href":"https:\/\/www.inforsolutions.com.br\/portal\/wp-json\/wp\/v2\/pages\/814\/revisions"}],"predecessor-version":[{"id":815,"href":"https:\/\/www.inforsolutions.com.br\/portal\/wp-json\/wp\/v2\/pages\/814\/revisions\/815"}],"wp:attachment":[{"href":"https:\/\/www.inforsolutions.com.br\/portal\/wp-json\/wp\/v2\/media?parent=814"}],"curies":[{"name":"wp","href":"https:\/\/api.w.org\/{rel}","templated":true}]}}